{"id":1247,"date":"2023-05-29T23:02:43","date_gmt":"2023-05-30T02:02:43","guid":{"rendered":"https:\/\/nudisur.org\/gore-program"},"modified":"2024-04-16T14:06:48","modified_gmt":"2024-04-16T17:06:48","slug":"gore-program","status":"publish","type":"page","link":"https:\/\/nudisur.org\/en\/gore-program","title":{"rendered":"GORE Program"},"content":{"rendered":"<div class=\"wpb-content-wrapper\"><p>[vc_row][vc_column][vc_empty_space height=&#8221;64px&#8221;]<div class=\"porto-u-heading  wpb_custom_221a7288f5c896e4fbd8f0964d0ccc87 porto-u-ad87e2eaf3f9c495180fe0156ddf3eb0 \"><div class=\"porto-u-main-heading\"><h2   style=\"margin-bottom: 0px;\">GORE PROGRAM<\/h2><\/div><div class=\"porto-u-sub-heading\" style=\"\">\n<h3>International Strategies for the Transformation of Industrial Heritage into Regional Assets<\/h3>\n<p><\/div><div class=\"porto-u-heading-spacer line_only\" style=\"height:2px;\"><span class=\"porto-u-headings-line\" style=\"border-style:solid;border-bottom-width:2px;border-color:#ebd140;width:128px;\"><\/span><\/div><style>.porto-u-ad87e2eaf3f9c495180fe0156ddf3eb0.porto-u-heading{text-align:left} .porto-u-ad87e2eaf3f9c495180fe0156ddf3eb0 .porto-u-headings-line{float: left;}<\/style><\/div>[vc_empty_space height=&#8221;64px&#8221;][\/vc_column][\/vc_row][vc_row content_placement=&#8221;middle&#8221; conditional_render=&#8221;%5B%7B%22value_role%22%3A%22administrator%22%7D%5D&#8221;][vc_column]<div class=\"porto-u-heading  wpb_custom_320ff9a05248e122a0ff5015c10bd3f9 porto-u-ad87e2eaf3f9c495180fe0156ddf3eb0 \"><div class=\"porto-u-main-heading\"><h3  >Presentation<\/h3><\/div><style>.porto-u-ad87e2eaf3f9c495180fe0156ddf3eb0.porto-u-heading{text-align:left}<\/style><\/div>[vc_column_text]<\/p>\n<p style=\"text-align: justify;\">The program presented by <b>Creasur<\/b>, seeks to position the cultural and industrial heritage of the Biob\u00edo region as a transformative engine towards regional and identity development. Linking with the academy, national and international organizations, the public service and communities. Linking with the academia, national and international organizations, public service and communities.<\/p>\n<p style=\"text-align: justify;\">This initiative, framed within the programme: &#8220;International Strategies for the Transformation of Industrial Heritage into Regional Assets&#8221;, allocated through the National Regional Development Fund (FNDR) from the Regional Government of Biob\u00edo, is organised in three different stages.<\/p>\n<p style=\"text-align: justify;\">First, the development of a governance network through meetings with actors who develop or work on heritage topics in the 33 municipalities of the Biob\u00edo Region. Likewise, the realization of the <i>IV Congress of International and Interdisciplinary Cultural Heritage: Industrial Heritage, social issue and challenges for new governance<\/i>,, que durante el pr\u00f3ximo octubre, reunir\u00e1 a acad\u00e9micos y expertos en patrimonio para presentar t\u00f3picos que ayuden a la construcci\u00f3n de pol\u00edticas p\u00fablicas y la creaci\u00f3n de una imagen regional en asuntos patrimoniales, culturales y de territorio.Tambi\u00e9n, se ofrecer\u00e1 a esta red de gobernanza, becas para la postulaci\u00f3n al Diplomado Metodolog\u00edas Colaborativas para Proyectos Patrimoniales con Enfoque Cr\u00edtico, certificado por la OTEC <a href=\"https:\/\/www.culturayterritorio.cl\/\"><b>Culture and Territory<\/b><\/a> and sponsored by the Master in Architectural Heritage Intervention of the University of Chile.<\/p>\n<p>[\/vc_column_text][\/vc_column][vc_column width=&#8221;2\/5&#8243;][vc_video link=&#8221;https:\/\/youtu.be\/VUTgSCHixwg&#8221; align=&#8221;center&#8221;][\/vc_column][vc_column width=&#8221;3\/5&#8243;]<div class=\"porto-u-heading  wpb_custom_320ff9a05248e122a0ff5015c10bd3f9 porto-u-ad87e2eaf3f9c495180fe0156ddf3eb0 \"><div class=\"porto-u-main-heading\"><h3  >Objectives<\/h3><\/div><style>.porto-u-ad87e2eaf3f9c495180fe0156ddf3eb0.porto-u-heading{text-align:left}<\/style><\/div>[vc_column_text el_class=&#8221;dot-color&#8221;]<\/p>\n<ul>\n<li style=\"text-align: justify;\">Improve the competitiveness of heritage and industrial development and management in the Biob\u00edo Region.<\/li>\n<li style=\"text-align: justify;\">Promote the formation and attraction of advanced human capital and management of regional and international collaborative projects. To position the region globally through technical visits, networking, press management, training with experts and conferences from abroad.<\/li>\n<li style=\"text-align: justify;\">Work on the development of the image of the regional industrial heritage, managing to position it internationally.<\/li>\n<li style=\"text-align: justify;\">Create regional, national and international collaborative networks to attract resources to creative industries and heritage initiatives. This will promote the inclusive and pluralistic participation of society.<\/li>\n<\/ul>\n<p>[\/vc_column_text][\/vc_column][\/vc_row][vc_row rtl_reverse=&#8221;yes&#8221; content_placement=&#8221;middle&#8221; conditional_render=&#8221;%5B%7B%22value_role%22%3A%22administrator%22%7D%5D&#8221;][vc_column conditional_render=&#8221;%5B%7B%22value_role%22%3A%22administrator%22%7D%5D&#8221;]<div class=\"porto-u-heading  wpb_custom_320ff9a05248e122a0ff5015c10bd3f9 porto-u-ad87e2eaf3f9c495180fe0156ddf3eb0 \"><div class=\"porto-u-main-heading\"><h3  >Execution<\/h3><\/div><style>.porto-u-ad87e2eaf3f9c495180fe0156ddf3eb0.porto-u-heading{text-align:left}<\/style><\/div>[vc_column_text]<\/p>\n<p style=\"text-align: justify;\">Through the work with methodologies of social participation and creative registers, it will be possible to make imaginaries and cultural heritage visible. The impact on public policies and territorial development initiatives in a direct way is fundamental for the elaboration of our national and international governance network.<\/p>\n<p>[\/vc_column_text]<div class=\"porto-carousel owl-carousel has-ccols has-ccols-spacing ccols-xl-1 ccols-lg-1 ccols-md-1 ccols-sm-1 ccols-1 stage-margin wpb_custom_70a89e142ccf56dcd4c7bfc4b40db368 nav-pos-outside\" data-plugin-options=\"{&quot;themeConfig&quot;:true,&quot;stagePadding&quot;:40,&quot;margin&quot;:10,&quot;autoplay&quot;:&quot;yes&quot;,&quot;mouseDrag&quot;:true,&quot;touchDrag&quot;:true,&quot;autoplayTimeout&quot;:4000,&quot;autoplayHoverPause&quot;:false,&quot;items&quot;:1,&quot;xl&quot;:1,&quot;lg&quot;:1,&quot;md&quot;:1,&quot;sm&quot;:1,&quot;xs&quot;:1,&quot;nav&quot;:&quot;yes&quot;,&quot;dots&quot;:false,&quot;animateIn&quot;:&quot;&quot;,&quot;animateOut&quot;:&quot;&quot;,&quot;loop&quot;:&quot;yes&quot;,&quot;center&quot;:&quot;yes&quot;,&quot;video&quot;:false,&quot;lazyLoad&quot;:&quot;yes&quot;,&quot;fullscreen&quot;:false,&quot;merge&quot;:true,&quot;mergeFit&quot;:true,&quot;mergeFit_lg&quot;:true,&quot;mergeFit_md&quot;:true,&quot;mergeFit_sm&quot;:true,&quot;mergeFit_xs&quot;:true}\">[vc_row_inner content_placement=&#8221;middle&#8221;][vc_column_inner width=&#8221;2\/5&#8243;][vc_single_image image=&#8221;1401&#8243; img_size=&#8221;full&#8221; alignment=&#8221;center&#8221;][vc_empty_space][\/vc_column_inner][vc_column_inner width=&#8221;3\/5&#8243;]<div class=\"porto-u-heading  wpb_custom_320ff9a05248e122a0ff5015c10bd3f9 porto-u-ad87e2eaf3f9c495180fe0156ddf3eb0 \"><div class=\"porto-u-main-heading\"><h4  >Congress<\/h4><\/div><style>.porto-u-ad87e2eaf3f9c495180fe0156ddf3eb0.porto-u-heading{text-align:left}<\/style><\/div>[vc_column_text]<\/p>\n<p style=\"text-align: justify;\">Throughout its history, the Congress of International and Interdisciplinary Cultural Heritage has promoted the reflection and criticism of cultural heritage from various approaches that promote understanding of the past from the present, in order to look forward to a reflective future and recognizing human cultural diversity.<\/p>\n<p style=\"text-align: justify;\">For its fourth version, the topic will be <a href=\"https:\/\/nudisur.org\/en\/congress\" target=\"_blank\" rel=\"noopener\"><span class=\"font-weight:regular;\">\u201cIndustrial heritage, social issues and challenges for new governance\u201d<\/span><\/a> and will seek to reflect on the industrial heritage understood in the global context, stressing perspectives from the spheres of power and community.<\/p>\n<p>[\/vc_column_text][vc_empty_space]<div class=\"porto-btn-ctn-left \"><a class=\"porto-btn porto-adjust-bottom-margin porto-btn-small porto-btn-fade-bg   wpb_custom_fa51088c2567b780100c1edcf8821d3b  porto-btn-left \" title='Congreso' rel='' href = \"https:\/\/nudisur.org\/congreso\" target='_blank' data-hover=\"#dd4d1b\" data-border-color=\"\" data-bg=\"#dd4d1b\" data-hover-bg=\"#ffffff\" data-border-hover=\"\" data-shadow-click=\"none\" data-shadow=\"\" style=\"border:none;background: #dd4d1b;color: #ffffff;\"><span class=\"porto-btn-hover\" style=\"background-color:#ffffff\"><\/span><span class=\"porto-btn-data porto-btn-text \" >More<\/span><\/a><\/div>[\/vc_column_inner][\/vc_row_inner][vc_row_inner content_placement=&#8221;middle&#8221;][vc_column_inner width=&#8221;2\/5&#8243;][vc_single_image image=&#8221;1403&#8243; img_size=&#8221;full&#8221; alignment=&#8221;center&#8221;][vc_empty_space][\/vc_column_inner][vc_column_inner width=&#8221;3\/5&#8243;]<div class=\"porto-u-heading  wpb_custom_320ff9a05248e122a0ff5015c10bd3f9 porto-u-ad87e2eaf3f9c495180fe0156ddf3eb0 \"><div class=\"porto-u-main-heading\"><h4  >Diploma<\/h4><\/div><div class=\"porto-u-sub-heading\" style=\"\">\n<p><\/div><style>.porto-u-ad87e2eaf3f9c495180fe0156ddf3eb0.porto-u-heading{text-align:left}<\/style><\/div>[vc_column_text]<\/p>\n<p style=\"text-align: justify;\">El Diplomado en Metodologi\u0301as Colaborativas para Proyectos Patrimoniales con Enfoque Cri\u0301tico, patrocinado por el Mag\u00edster en Intervenci\u00f3n del Patrimonio Arquitect\u00f3nico de la Universidad de Chile, es un programa formativo que tiene como objetivo proporcionar herramientas te\u00f3ricas y pr\u00e1cticas que permitan abordar la gesti\u00f3n y desarrollo de proyectos patrimoniales desde una perspectiva decolonial y cr\u00edtica.<\/p>\n<p>[\/vc_column_text][vc_empty_space]<div class=\"porto-btn-ctn-left \"><a class=\"porto-btn porto-adjust-bottom-margin porto-btn-small porto-btn-fade-bg   wpb_custom_fa51088c2567b780100c1edcf8821d3b  porto-btn-left \" title='Diplomado' rel='' href = \"https:\/\/www.culturayterritorio.cl\/inicio_2023\/diplomados_2023\/metodologias-colaborativas-proyectos-patrimoniales\/\" target='_blank' data-hover=\"#dd4d1b\" data-border-color=\"\" data-bg=\"#dd4d1b\" data-hover-bg=\"#ffffff\" data-border-hover=\"\" data-shadow-click=\"none\" data-shadow=\"\" style=\"border:none;background: #dd4d1b;color: #ffffff;\"><span class=\"porto-btn-hover\" style=\"background-color:#ffffff\"><\/span><span class=\"porto-btn-data porto-btn-text \" >More<\/span><\/a><\/div>[\/vc_column_inner][\/vc_row_inner][vc_row_inner content_placement=&#8221;middle&#8221;][vc_column_inner width=&#8221;2\/5&#8243;][vc_single_image image=&#8221;1405&#8243; img_size=&#8221;full&#8221; alignment=&#8221;center&#8221;][vc_empty_space][\/vc_column_inner][vc_column_inner width=&#8221;3\/5&#8243;]<div class=\"porto-u-heading  wpb_custom_320ff9a05248e122a0ff5015c10bd3f9 porto-u-ad87e2eaf3f9c495180fe0156ddf3eb0 \"><div class=\"porto-u-main-heading\"><h4  >Gobernance<\/h4><\/div><style>.porto-u-ad87e2eaf3f9c495180fe0156ddf3eb0.porto-u-heading{text-align:left}<\/style><\/div>[vc_column_text]<\/p>\n<p style=\"text-align: justify;\">The work coordinated with the different forms of government of the region allow us to build a network capable of encompassing the 33 communes of Biob\u00edo region with the intention of aligning the axes of research and work, and like that continue looking forward in terms of culture, academia and heritage.<\/p>\n<p>[\/vc_column_text][vc_empty_space]<div class=\"porto-btn-ctn-left \"><a class=\"porto-btn porto-adjust-bottom-margin porto-btn-small porto-btn-fade-bg   wpb_custom_fa51088c2567b780100c1edcf8821d3b  porto-btn-left \" title='Gobernanza' rel='' href = \"#\"  data-hover=\"#dd4d1b\" data-border-color=\"\" data-bg=\"#dd4d1b\" data-hover-bg=\"#ffffff\" data-border-hover=\"\" data-shadow-click=\"none\" data-shadow=\"\" style=\"border:none;background: #dd4d1b;color: #ffffff;\"><span class=\"porto-btn-hover\" style=\"background-color:#ffffff\"><\/span><span class=\"porto-btn-data porto-btn-text \" >More<\/span><\/a><\/div>[\/vc_column_inner][\/vc_row_inner]<\/div>[\/vc_column][\/vc_row][vc_row content_placement=&#8221;middle&#8221; conditional_render=&#8221;%5B%7B%22value_role%22%3A%22administrator%22%7D%5D&#8221;][vc_column][vc_empty_space height=&#8221;64px&#8221;][\/vc_column][\/vc_row]<\/p>\n<\/div>","protected":false},"excerpt":{"rendered":"<p>[vc_row][vc_column][vc_empty_space height=&#8221;64px&#8221;][vc_empty_space height=&#8221;64px&#8221;][\/vc_column][\/vc_row][vc_row content_placement=&#8221;middle&#8221; conditional_render=&#8221;%5B%7B%22value_role%22%3A%22administrator%22%7D%5D&#8221;][vc_column][vc_column_text] The program presented by Creasur, seeks to position the cultural and industrial heritage of the Biob\u00edo region as a transformative engine towards regional and identity development. Linking with the academy, national and international organizations, the public service and communities. Linking with the academia, national and international organizations, public service and [&hellip;]<\/p>\n","protected":false},"author":1,"featured_media":0,"parent":0,"menu_order":0,"comment_status":"closed","ping_status":"closed","template":"","meta":{"_acf_changed":false,"footnotes":""},"class_list":["post-1247","page","type-page","status-publish","hentry"],"acf":[],"_links":{"self":[{"href":"https:\/\/nudisur.org\/en\/wp-json\/wp\/v2\/pages\/1247","targetHints":{"allow":["GET"]}}],"collection":[{"href":"https:\/\/nudisur.org\/en\/wp-json\/wp\/v2\/pages"}],"about":[{"href":"https:\/\/nudisur.org\/en\/wp-json\/wp\/v2\/types\/page"}],"author":[{"embeddable":true,"href":"https:\/\/nudisur.org\/en\/wp-json\/wp\/v2\/users\/1"}],"replies":[{"embeddable":true,"href":"https:\/\/nudisur.org\/en\/wp-json\/wp\/v2\/comments?post=1247"}],"version-history":[{"count":29,"href":"https:\/\/nudisur.org\/en\/wp-json\/wp\/v2\/pages\/1247\/revisions"}],"predecessor-version":[{"id":2700,"href":"https:\/\/nudisur.org\/en\/wp-json\/wp\/v2\/pages\/1247\/revisions\/2700"}],"wp:attachment":[{"href":"https:\/\/nudisur.org\/en\/wp-json\/wp\/v2\/media?parent=1247"}],"curies":[{"name":"wp","href":"https:\/\/api.w.org\/{rel}","templated":true}]}}