{"id":1254,"date":"2023-05-28T04:55:40","date_gmt":"2023-05-28T07:55:40","guid":{"rendered":"https:\/\/nudisur.org\/contact"},"modified":"2023-07-20T00:19:19","modified_gmt":"2023-07-20T03:19:19","slug":"contact","status":"publish","type":"page","link":"https:\/\/nudisur.org\/en\/contact","title":{"rendered":"Contact"},"content":{"rendered":"<div class=\"wpb-content-wrapper\"><p>[vc_row][vc_column][vc_empty_space height=&#8221;64px&#8221;]<div class=\"porto-u-heading  wpb_custom_95aa9a11c17ad45cfabaf210d84ee7cc porto-u-ad87e2eaf3f9c495180fe0156ddf3eb0 \"><div class=\"porto-u-main-heading\"><h2  >CONTACT<\/h2><\/div><div class=\"porto-u-heading-spacer line_only\" style=\"height:2px;\"><span class=\"porto-u-headings-line\" style=\"border-style:solid;border-bottom-width:2px;border-color:#ebd140;width:128px;\"><\/span><\/div><style>.porto-u-ad87e2eaf3f9c495180fe0156ddf3eb0.porto-u-heading{text-align:left} .porto-u-ad87e2eaf3f9c495180fe0156ddf3eb0 .porto-u-headings-line{float: left;}<\/style><\/div>[vc_empty_space height=&#8221;64px&#8221;][\/vc_column][\/vc_row][vc_row][vc_column width=&#8221;1\/2&#8243;][vc_column_text css=&#8221;.vc_custom_1689821863468{padding-right: 32px !important;}&#8221;]<\/p>\n<p style=\"text-align: justify;\">In Nusidur, we want you to be part of our journey. Contact us and learn about countless initiatives and projects in which we collaborate to make society a space for reflection, creativity and deliberation.<\/p>\n<p>&nbsp;[\/vc_column_text]<ul class=\"porto-info-list icon-contact porto-info-listd751713988987e9331980363e24189ce wpb_custom_2470fd4f9162ce1f73c94a8a2b72b3bf\"><li class=\"porto-info-list-item  wpb_custom_eade0171093a7591372ccf9372738e3d\"><i class=\"porto-info-icon fas fa-map-marker-alt\"><\/i><div class=\"porto-info-list-item-desc\">Concepci\u00f3n, Regi\u00f3n de Biob\u00edo, Chile<\/div><\/li><li class=\"porto-info-list-item  wpb_custom_eade0171093a7591372ccf9372738e3d\"><i class=\"porto-info-icon fas fa-mobile-alt\"><\/i><div class=\"porto-info-list-item-desc\">+56 9 94708297<\/div><\/li><li class=\"porto-info-list-item  wpb_custom_eade0171093a7591372ccf9372738e3d\"><i class=\"porto-info-icon fas fa-envelope-open-text\"><\/i><div class=\"porto-info-list-item-desc\"><a href=\"mailto:comunicaciones@nudisur.org\">comunicaciones@nudisur.org<\/a><\/div><\/li><\/ul><div class=\"share-links wpb_custom_008b1b76ff24823e96ddf29119092ee6\">\t\t<a target=\"_blank\"  rel=\"nofollow noopener noreferrer\" class=\"share-facebook\" href=\"http:\/\/www.facebook.com\/nudisur\" aria-label=\"Facebook\" title=\"Facebook\"><\/a>\r\n\t\t\t\t<a target=\"_blank\"  rel=\"nofollow noopener noreferrer\" class=\"share-youtube\" href=\"https:\/\/www.youtube.com\/channel\/UCgpwj7Bd4l6B14phtSm__sg\" aria-label=\"Youtube\" title=\"Youtube\"><\/a>\r\n\t\t\t\t<a target=\"_blank\"  rel=\"nofollow noopener noreferrer\" class=\"share-instagram\" href=\"http:\/\/www.instagram.com\/nudisur\" aria-label=\"Instagram\" title=\"Instagram\"><\/a>\r\n\t\t\t\t<a target=\"_blank\"  rel=\"nofollow noopener noreferrer\" class=\"share-linkedin\" href=\"https:\/\/www.linkedin.com\/company\/nudisur\/about\/\" aria-label=\"LinkedIn\" title=\"LinkedIn\"><\/a>\r\n\t\t<\/div>[vc_empty_space height=&#8221;64px&#8221;][\/vc_column][vc_column width=&#8221;1\/2&#8243;]<div class=\"porto-container container container-form-contact \">\n<div class=\"wpcf7 no-js\" id=\"wpcf7-f1805-o1\" lang=\"en-US\" dir=\"ltr\" data-wpcf7-id=\"1805\">\n<div class=\"screen-reader-response\"><p role=\"status\" aria-live=\"polite\" aria-atomic=\"true\"><\/p> <ul><\/ul><\/div>\n<form action=\"\/en\/wp-json\/wp\/v2\/pages\/1254#wpcf7-f1805-o1\" method=\"post\" class=\"wpcf7-form init\" aria-label=\"Contact form\" novalidate=\"novalidate\" data-status=\"init\">\n<fieldset class=\"hidden-fields-container\"><input type=\"hidden\" name=\"_wpcf7\" value=\"1805\" \/><input type=\"hidden\" name=\"_wpcf7_version\" value=\"6.1.5\" \/><input type=\"hidden\" name=\"_wpcf7_locale\" value=\"en_US\" \/><input type=\"hidden\" name=\"_wpcf7_unit_tag\" value=\"wpcf7-f1805-o1\" \/><input type=\"hidden\" name=\"_wpcf7_container_post\" value=\"0\" \/><input type=\"hidden\" name=\"_wpcf7_posted_data_hash\" value=\"\" \/><input type=\"hidden\" name=\"_wpcf7_recaptcha_response\" value=\"\" \/>\n<\/fieldset>\n<div class=\"container\">\n    <div class=\"row\">\n        <div class=\"col-12\">\n            <div class=\"form-group\">\n                <h6><label for=\"yourname\" class=\"yourname\">NAME*<\/label><\/h6>\n                <span class=\"wpcf7-form-control-wrap\" data-name=\"your-name\"><input size=\"40\" maxlength=\"400\" class=\"wpcf7-form-control wpcf7-text wpcf7-validates-as-required form-control\" id=\"yourname\" autocomplete=\"name\" aria-required=\"true\" aria-invalid=\"false\" value=\"\" type=\"text\" name=\"your-name\" \/><\/span>\n            <\/div>\n        <\/div>\n        <div class=\"col-12\">\n            <div class=\"form-group\">\n                <h6><label for=\"youremail\" class=\"youremail\">EMAIL*<\/label><\/h6>\n                <span class=\"wpcf7-form-control-wrap\" data-name=\"your-email\"><input size=\"40\" maxlength=\"400\" class=\"wpcf7-form-control wpcf7-email wpcf7-validates-as-required wpcf7-text wpcf7-validates-as-email form-control\" id=\"youremail\" aria-required=\"true\" aria-invalid=\"false\" value=\"\" type=\"email\" name=\"your-email\" \/><\/span>\n            <\/div>\n        <\/div>\n        <div class=\"col-12\">\n            <div class=\"form-group\">\n                <h6><label for=\"yoursubject\" class=\"yoursubject\">SUBJECT*<\/label><\/h6>\n                <span class=\"wpcf7-form-control-wrap\" data-name=\"your-subject\"><input size=\"40\" maxlength=\"400\" class=\"wpcf7-form-control wpcf7-text wpcf7-validates-as-required form-control\" id=\"yoursubject\" aria-required=\"true\" aria-invalid=\"false\" value=\"\" type=\"text\" name=\"your-subject\" \/><\/span>\n            <\/div>\n        <\/div>\n        <div class=\"col-12\">\n            <div class=\"form-group\">\n                <h6><label for=\"yourmessage\" class=\"yourmessage\">MESSAGE*<\/label><\/h6>\n                <span class=\"wpcf7-form-control-wrap\" data-name=\"your-message\"><textarea cols=\"40\" rows=\"10\" maxlength=\"2000\" class=\"wpcf7-form-control wpcf7-textarea wpcf7-validates-as-required form-control\" id=\"yourmessage\" aria-required=\"true\" aria-invalid=\"false\" name=\"your-message\"><\/textarea><\/span>\n            <\/div>\n        <\/div>\n        <div class=\"col-12\">\n            <div class=\"button-submit\">\n                <input class=\"wpcf7-form-control wpcf7-submit has-spinner\" type=\"submit\" value=\"Enviar\" \/>\n            <\/div>\n        <\/div>\n    <\/div>\n<\/div><div class=\"wpcf7-response-output\" aria-hidden=\"true\"><\/div>\n<\/form>\n<\/div>\n<\/div>[\/vc_column][\/vc_row][vc_row][vc_column][vc_empty_space height=&#8221;64px&#8221;][\/vc_column][\/vc_row]<\/p>\n<\/div>","protected":false},"excerpt":{"rendered":"<p>[vc_row][vc_column][vc_empty_space height=&#8221;64px&#8221;][vc_empty_space height=&#8221;64px&#8221;][\/vc_column][\/vc_row][vc_row][vc_column width=&#8221;1\/2&#8243;][vc_column_text css=&#8221;.vc_custom_1689821863468{padding-right: 32px !important;}&#8221;] In Nusidur, we want you to be part of our journey. Contact us and learn about countless initiatives and projects in which we collaborate to make society a space for reflection, creativity and deliberation. &nbsp;[\/vc_column_text][vc_empty_space height=&#8221;64px&#8221;][\/vc_column][vc_column width=&#8221;1\/2&#8243;][\/vc_column][\/vc_row][vc_row][vc_column][vc_empty_space height=&#8221;64px&#8221;][\/vc_column][\/vc_row]<\/p>\n","protected":false},"author":1,"featured_media":0,"parent":0,"menu_order":2,"comment_status":"closed","ping_status":"closed","template":"","meta":{"_acf_changed":false,"footnotes":""},"class_list":["post-1254","page","type-page","status-publish","hentry"],"acf":[],"_links":{"self":[{"href":"https:\/\/nudisur.org\/en\/wp-json\/wp\/v2\/pages\/1254","targetHints":{"allow":["GET"]}}],"collection":[{"href":"https:\/\/nudisur.org\/en\/wp-json\/wp\/v2\/pages"}],"about":[{"href":"https:\/\/nudisur.org\/en\/wp-json\/wp\/v2\/types\/page"}],"author":[{"embeddable":true,"href":"https:\/\/nudisur.org\/en\/wp-json\/wp\/v2\/users\/1"}],"replies":[{"embeddable":true,"href":"https:\/\/nudisur.org\/en\/wp-json\/wp\/v2\/comments?post=1254"}],"version-history":[{"count":4,"href":"https:\/\/nudisur.org\/en\/wp-json\/wp\/v2\/pages\/1254\/revisions"}],"predecessor-version":[{"id":1807,"href":"https:\/\/nudisur.org\/en\/wp-json\/wp\/v2\/pages\/1254\/revisions\/1807"}],"wp:attachment":[{"href":"https:\/\/nudisur.org\/en\/wp-json\/wp\/v2\/media?parent=1254"}],"curies":[{"name":"wp","href":"https:\/\/api.w.org\/{rel}","templated":true}]}}